{"id":1398,"date":"2022-11-13T20:31:00","date_gmt":"2022-11-13T18:31:00","guid":{"rendered":"https:\/\/www.fotoloco.de\/?page_id=1398"},"modified":"2023-01-03T15:47:22","modified_gmt":"2023-01-03T13:47:22","slug":"wichtige-informationen","status":"publish","type":"page","link":"https:\/\/www.fotoloco.de\/?page_id=1398","title":{"rendered":"Gesch\u00e4ftsbedingungen"},"content":{"rendered":"\n<p><strong>Wissenswertes<\/strong><\/p>\n\n\n\n<p><\/p>\n\n\n\n<p>Ich fotografiere \u00fcberwiegend drau\u00dfen, in der Natur. Jede Jahreszeit hat ihre sch\u00f6nen Seiten. Bietet Ihre\/deine Wohnung (Haus) gen\u00fcgend Platz und eine angenehme Atmosph\u00e4re, so kann das Shooting auch dort stattfinden.<\/p>\n\n\n\n<p>Der Kunde bekommt alle entstandenen Fotos grundbearbeitet in Vollaufl\u00f6sung digital. Diese werden zum Download in einer Onlinegalerie zur Verf\u00fcgung gestellt. Gerne kann <strong>gegen Aufpreis<\/strong> eine Hautretusche bei den gew\u00fcnschten Aufnahmen durchgef\u00fchrt werden. <\/p>\n\n\n\n<p>Kann mein Eindruck \u00fcberzeugen? Oder gibt es noch weitere Fragen? Melden Sie \/ melde dich telefonisch bei mir und wir besprechen alle Einzelheiten pers\u00f6nlich und unverbindlich. <\/p>\n\n\n\n<p><\/p>\n\n\n\n<p><strong>Buchung<\/strong><\/p>\n\n\n\n<p>Durch eine Buchung akzeptiert der Auftraggeber alle Bedienungen aus diesem Angebot. Die Aufnahmezeit kann vor Ort verl\u00e4ngert werden. Jede angefangene Stunde kostet 120\u20ac inkl. aller Fotos, die in der Zeit entstehen.<\/p>\n\n\n\n<p><\/p>\n\n\n\n<p><strong>Pers\u00f6nlichkeitsrechte<\/strong><\/p>\n\n\n\n<p><\/p>\n\n\n\n<p>Der Auftraggeber stimmt durch den erteilten Auftrag automatisch zu, dass eine Auswahl der Bilder zu Eigenzwecken von Fotoloco Fotografie &amp; Fotodesign ver\u00f6ffentlicht werden darf (z.B. Portfolio, Webseite, Blog, Social Media, gedruckte Medien). Soll dies nicht erw\u00fcnscht sein, so bitte ich, mich im Vorfeld zu informieren.<\/p>\n\n\n\n<p><\/p>\n\n\n\n<p><strong>Bildrechte<\/strong><\/p>\n\n\n\n<p><\/p>\n\n\n\n<p>Die Bildrechte bleiben bei Fotoloco Fotografie &amp; Fotodesign. Der Verkauf ist nicht gestattet. Die Bilder d\u00fcrfen nur mit der Erw\u00e4hnung des Fotografen<strong> <\/strong>ver\u00f6ffentlicht werden.<\/p>\n\n\n\n<p><\/p>\n\n\n\n<p><strong>Bildbearbeitung<\/strong><\/p>\n\n\n\n<p><\/p>\n\n\n\n<p>Der Auftraggeber hat sich mit dem Bildstil der Fotografin im Vorfeld auseinander gesetzt. Die Bildbearbeitung erfolgt grunds\u00e4tzlich gem\u00e4\u00df dem k\u00fcnstlerischen Ermessen des Fotografen. Die f\u00fcr den Kunden wichtigen Bildmotive sind bei Bedarf im Vorfeld, jedoch bitte mindestens 2 Tage vor dem Termin, schriftlich zu kommunizieren.<\/p>\n\n\n\n<p>Die Fotografin stellt die entstandenen Aufnahmen im Jpg-Format in der maximalen Aufl\u00f6sung zum Download zur Verf\u00fcgung. Die Lieferung erfolg so schnell wie m\u00f6glich, maximal 2-4 Wochen nach dem Termin &#8211; je nach Aufwand.<\/p>\n\n\n\n<p><\/p>\n\n\n\n<p><strong>G\u00fcltigkeit<\/strong><\/p>\n\n\n\n<p><\/p>\n\n\n\n<p>Dieses Angebot verliert innerhalb der n\u00e4chsten 14 Tagen seine G\u00fcltigkeit und kann ohne Angaben von Gr\u00fcnden von Fotoloco Fotografie &amp; Fotodesign zur\u00fcckgezogen werden.<\/p>\n\n\n\n<p><\/p>\n\n\n\n<p><strong>Sonstiges<\/strong><\/p>\n\n\n\n<p><\/p>\n\n\n\n<p>An- und Abreisen des Auftragnehmers erfolgt jeweils von Wuppertal aus. Die Anfahrt im Umkreis von 20 km wird, soweit vertraglich nicht anders vereinbart, nicht berechnet. \u00dcbersteigt die An- und Abreise den zuvor vereinbarten Umfang, werden \u00fcber vorstehende Differenz hinaus folgende Reisekosten berechnet: je gefahrenem km 0,60 EUR.<\/p>\n\n\n\n<p>Kann der Termin aufgrund von h\u00f6herer Gewalt (Unfall, Krankheit etc.) nicht durchgef\u00fchrt werden, verzichtet der Fotograf auf das Einverlangen anf\u00e4llig entstandener bzw. der vereinbarten Kosten, sofern der Grund schriftlich und von zust\u00e4ndigen Beh\u00f6rden best\u00e4tigt werden kann. <\/p>\n\n\n\n<p>Tritt der Kunde, ohne dass der Fotograf den R\u00fccktritt zu vertreten hat, von den bestellten Leistungen zur\u00fcck, wird die bereits geleistete Anzahlung nicht zur\u00fcckerstattet.<\/p>\n\n\n\n<p><\/p>\n\n\n\n<p>Nach \u00a7 19 Abs. 1 UStG wird keine Umsatzsteuer berechnet &#8211; gilt f\u00fcr alle Betr\u00e4ge.<\/p>\n\n\n\n<p>Die vollst\u00e4ndige Bezahlung erfolgt<strong> <\/strong>vor dem vereinbarten Fototermin per \u00dcberweisung auf das bereitgestellte Bankkonto.<\/p>\n\n\n\n<p><\/p>\n\n\n\n<p><\/p>\n\n\n\n<h2 class=\"wp-block-heading\"><a rel=\"noreferrer noopener\" href=\"mailto:info@klararodermann.com\" target=\"_blank\"><\/a><\/h2>\n\n\n\n<p><\/p>\n<input class=\"fooboxshare_post_id\" type=\"hidden\" value=\"1398\"\/>","protected":false},"excerpt":{"rendered":"<p>Wissenswertes Ich fotografiere \u00fcberwiegend drau\u00dfen, in der Natur. Jede Jahreszeit hat ihre sch\u00f6nen Seiten. Bietet Ihre\/deine Wohnung (Haus) gen\u00fcgend Platz und eine angenehme Atmosph\u00e4re, so kann das Shooting auch dort stattfinden. Der Kunde bekommt alle entstandenen Fotos grundbearbeitet in Vollaufl\u00f6sung digital. Diese werden zum Download in einer Onlinegalerie zur Verf\u00fcgung gestellt. Gerne kann gegen Aufpreis eine Hautretusche bei den gew\u00fcnschten Aufnahmen durchgef\u00fchrt werden. Kann mein Eindruck \u00fcberzeugen? Oder gibt es noch weitere Fragen? Melden Sie \/ melde dich telefonisch bei mir und wir besprechen alle Einzelheiten pers\u00f6nlich und unverbindlich. Buchung Durch eine Buchung akzeptiert der Auftraggeber alle Bedienungen aus diesem Angebot. Die Aufnahmezeit kann vor Ort verl\u00e4ngert werden. Jede angefangene Stunde kostet 120\u20ac inkl. aller Fotos, die in der Zeit entstehen. Pers\u00f6nlichkeitsrechte Der Auftraggeber stimmt durch den erteilten Auftrag automatisch zu, dass eine Auswahl der Bilder zu Eigenzwecken von Fotoloco Fotografie &amp; Fotodesign ver\u00f6ffentlicht werden darf (z.B. Portfolio, Webseite, Blog, Social Media, gedruckte Medien). Soll dies nicht erw\u00fcnscht sein, so bitte ich, mich im Vorfeld zu informieren. Bildrechte Die Bildrechte bleiben bei Fotoloco Fotografie &amp; Fotodesign. Der Verkauf ist nicht gestattet. Die Bilder d\u00fcrfen nur mit der Erw\u00e4hnung des Fotografen ver\u00f6ffentlicht werden. Bildbearbeitung Der Auftraggeber hat sich mit dem Bildstil der Fotografin im Vorfeld auseinander gesetzt. Die Bildbearbeitung erfolgt grunds\u00e4tzlich gem\u00e4\u00df dem k\u00fcnstlerischen Ermessen des Fotografen. Die f\u00fcr den Kunden wichtigen Bildmotive sind bei Bedarf im Vorfeld, jedoch bitte mindestens 2 Tage vor dem Termin, schriftlich zu kommunizieren. Die Fotografin stellt die entstandenen Aufnahmen im Jpg-Format in der maximalen Aufl\u00f6sung zum Download zur Verf\u00fcgung. Die Lieferung erfolg so schnell wie m\u00f6glich, maximal 2-4 Wochen nach dem Termin &#8211; je nach Aufwand. G\u00fcltigkeit Dieses Angebot verliert innerhalb der n\u00e4chsten 14 Tagen seine G\u00fcltigkeit und kann ohne Angaben von Gr\u00fcnden von Fotoloco Fotografie &amp; Fotodesign zur\u00fcckgezogen werden. Sonstiges An- und Abreisen des Auftragnehmers erfolgt jeweils von Wuppertal aus. Die Anfahrt im Umkreis von 20 km wird, soweit vertraglich nicht anders vereinbart, nicht berechnet. \u00dcbersteigt die An- und Abreise den zuvor vereinbarten Umfang, werden \u00fcber vorstehende Differenz hinaus folgende Reisekosten berechnet: je gefahrenem km 0,60 EUR. Kann der Termin aufgrund von h\u00f6herer Gewalt (Unfall, Krankheit etc.) nicht durchgef\u00fchrt werden, verzichtet der Fotograf auf das Einverlangen anf\u00e4llig entstandener bzw. der vereinbarten Kosten, sofern der Grund schriftlich und von zust\u00e4ndigen Beh\u00f6rden best\u00e4tigt werden kann. Tritt der Kunde, ohne dass der Fotograf den R\u00fccktritt zu vertreten hat, von den bestellten Leistungen zur\u00fcck, wird die bereits geleistete Anzahlung nicht zur\u00fcckerstattet. Nach \u00a7 19 Abs. 1 UStG wird keine Umsatzsteuer berechnet &#8211; gilt f\u00fcr alle Betr\u00e4ge. Die vollst\u00e4ndige Bezahlung erfolgt vor dem vereinbarten Fototermin per \u00dcberweisung auf das bereitgestellte Bankkonto.<\/p>\n","protected":false},"author":2,"featured_media":0,"parent":0,"menu_order":0,"comment_status":"closed","ping_status":"closed","template":"","meta":{"ngg_post_thumbnail":0,"footnotes":""},"class_list":["post-1398","page","type-page","status-publish","hentry"],"acf":[],"_links":{"self":[{"href":"https:\/\/www.fotoloco.de\/index.php?rest_route=\/wp\/v2\/pages\/1398","targetHints":{"allow":["GET"]}}],"collection":[{"href":"https:\/\/www.fotoloco.de\/index.php?rest_route=\/wp\/v2\/pages"}],"about":[{"href":"https:\/\/www.fotoloco.de\/index.php?rest_route=\/wp\/v2\/types\/page"}],"author":[{"embeddable":true,"href":"https:\/\/www.fotoloco.de\/index.php?rest_route=\/wp\/v2\/users\/2"}],"replies":[{"embeddable":true,"href":"https:\/\/www.fotoloco.de\/index.php?rest_route=%2Fwp%2Fv2%2Fcomments&post=1398"}],"version-history":[{"count":12,"href":"https:\/\/www.fotoloco.de\/index.php?rest_route=\/wp\/v2\/pages\/1398\/revisions"}],"predecessor-version":[{"id":1433,"href":"https:\/\/www.fotoloco.de\/index.php?rest_route=\/wp\/v2\/pages\/1398\/revisions\/1433"}],"wp:attachment":[{"href":"https:\/\/www.fotoloco.de\/index.php?rest_route=%2Fwp%2Fv2%2Fmedia&parent=1398"}],"curies":[{"name":"wp","href":"https:\/\/api.w.org\/{rel}","templated":true}]}}