{"id":24,"date":"2009-06-12T16:37:10","date_gmt":"2009-06-12T14:37:10","guid":{"rendered":"http:\/\/www.fotoloco.de\/blog\/?page_id=24"},"modified":"2022-12-13T23:13:44","modified_gmt":"2022-12-13T21:13:44","slug":"preise","status":"publish","type":"page","link":"https:\/\/www.fotoloco.de\/?page_id=24","title":{"rendered":"Preise"},"content":{"rendered":"<p><strong>&nbsp;<\/strong><\/p>\n<p><strong>Schwangerschaftsshooting &#8211; 180 \u20ac <\/strong><\/p>\n<ul>\n<li>ca. 6-8 Wochen vor dem voraussichtlichen Entbindungstermin<\/li>\n<li>Dauer ca. 1,5 h<\/li>\n<li>10 Bilder digital zum Download (2000 px) f\u00fcr Ihre Onlinepr\u00e4sentation<\/li>\n<li>jedes weitere Bild 10 Euro<\/li>\n<li><em>Optional:&nbsp;alle Bilder in voller Aufl\u00f6sung zum Download: 160,- Euro<\/em><\/li>\n<\/ul>\n<p><strong>Baby &#8211; und Kleinkindshooting &#8211; 180 \u20ac <\/strong><\/p>\n<ul>\n<li>Dauer ca. 1 &#8211; 1,5 h<\/li>\n<li>10 Bilder digital zum Download (2000 px) f\u00fcr Ihre Onlinepr\u00e4sentation<\/li>\n<li>jedes weitere Bild 10 Euro<\/li>\n<li><em>0ptional: alle Bilder in voller Aufl\u00f6sung zum Download: 160,- Euro<\/em><\/li>\n<\/ul>\n<p><strong>Komplettpaket Schwangerschafts- und Babyshooting: 320 \u20ac<\/strong><\/p>\n<ul>\n<li>25 Bilder digital zum Download (2000 px) f\u00fcr Ihre Onlinepr\u00e4sentation<\/li>\n<li>jedes weitere Bild 10 Euro<\/li>\n<li><em>optional:&nbsp;alle Bilder in voller Aufl\u00f6sung zum Download: 320<\/em>,- Euro<\/li>\n<\/ul>\n<p><strong>Standesamtliche Trauung, Portraits und Gruppenbilder &#8211; 490 \u20ac <\/strong><br \/>\n<strong>Kirchliche Trauung, Portraits und Gruppenbilder &#8211; 490 \u20ac <\/strong><\/p>\n<ul>\n<li>Dauer ca. 2-3 h<\/li>\n<li>25 Bilder digital zum Download (2000 px) f\u00fcr Ihre Onlinepr\u00e4sentation<\/li>\n<li>jedes weitere Bild 10 Euro<\/li>\n<li><em>optional: alle Bilder in voller Aufl\u00f6sung zum Download: 320- Euro<\/em><\/li>\n<li>jede weitere Stunde, die ich Sie fotografisch begleite: 120,- Euro<\/li>\n<li>im Umkreis von 20 km ist die Anreise f\u00fcr Sie kostenfrei, jeder weitere Kilometer wird mit 0,60 \u20ac berechnet<\/li>\n<\/ul>\n<p><strong>Komplettpaket &#8211; Ich begleite Sie an Ihrem sch\u00f6nsten Tag bis 18.00 Uhr und halte alle Momente rund um Ihre Hochzeit im Stil einer Fotoreportage fest &#8211; 1.500 \u20ac<\/strong><\/p>\n<ul>\n<li>50 Bilder digital zum Download (2000 px) f\u00fcr Ihre Onlinepr\u00e4sentation<\/li>\n<li>jedes weitere Bild 10 Euro<\/li>\n<li><em>optional: alle Bilder in voller Aufl\u00f6sung zum Download: 390,- Euro<\/em><\/li>\n<li>im Umkreis von 20 km ist die Anreise f\u00fcr Sie kostenfrei, jeder weitere Kilometer wird mit 0,60 \u20ac berechnet<\/li>\n<\/ul>\n<p><strong>Familienshooting 140 \u20ac <\/strong><\/p>\n<ul>\n<li>Dauer ca. 1 &#8211; 1,5 h<\/li>\n<li>10 Bilder digital zum Download (2000 px) f\u00fcr Ihre Onlinepr\u00e4sentation<\/li>\n<li>jedes weitere Bild 10 Euro<\/li>\n<li><em>0ptional: alle Bilder in voller Aufl\u00f6sung zum Download: 140,- Euro<\/em><\/li>\n<\/ul>\n<p><strong>Bewerbungsshooting &#8211; 79 \u20ac<\/strong><\/p>\n<ul>\n<li>Dauer ca. 1 h<\/li>\n<li>Ausbelichtung von 4-6 Bildern im bewerbungstauglichen Format sowie digital zum Download (2000 px) f\u00fcr Ihre Onlinepr\u00e4sentation<\/li>\n<li>jedes weitere Set 15 Euro<\/li>\n<li><em>optional: alle Bilder in voller Aufl\u00f6sung zum Download: 80 Euro<\/em><\/li>\n<\/ul>\n<p><strong>Familienshooting 140 \u20ac <\/strong><\/p>\n<ul>\n<li>Dauer ca. 1 h<\/li>\n<li>10 Bilder digital zum Download (2000 px) f\u00fcr Ihre Onlinepr\u00e4sentation<\/li>\n<li>jedes weitere Bild 10 Euro<\/li>\n<li><em>0ptional: alle Bilder in voller Aufl\u00f6sung zum Download: 140,- Euro<\/em><\/li>\n<\/ul>\n<input class=\"fooboxshare_post_id\" type=\"hidden\" value=\"24\"\/>","protected":false},"excerpt":{"rendered":"<p>&nbsp; Schwangerschaftsshooting &#8211; 180 \u20ac ca. 6-8 Wochen vor dem voraussichtlichen Entbindungstermin Dauer ca. 1,5 h 10 Bilder digital zum Download (2000 px) f\u00fcr Ihre Onlinepr\u00e4sentation jedes weitere Bild 10 Euro Optional:&nbsp;alle Bilder in voller Aufl\u00f6sung zum Download: 160,- Euro Baby &#8211; und Kleinkindshooting &#8211; 180 \u20ac Dauer ca. 1 &#8211; 1,5 h 10 Bilder digital zum Download (2000 px) f\u00fcr Ihre Onlinepr\u00e4sentation jedes weitere Bild 10 Euro 0ptional: alle Bilder in voller Aufl\u00f6sung zum Download: 160,- Euro Komplettpaket Schwangerschafts- und Babyshooting: 320 \u20ac 25 Bilder digital zum Download (2000 px) f\u00fcr Ihre Onlinepr\u00e4sentation jedes weitere Bild 10 Euro optional:&nbsp;alle Bilder in voller Aufl\u00f6sung zum Download: 320,- Euro Standesamtliche Trauung, Portraits und Gruppenbilder &#8211; 490 \u20ac Kirchliche Trauung, Portraits und Gruppenbilder &#8211; 490 \u20ac Dauer ca. 2-3 h 25 Bilder digital zum Download (2000 px) f\u00fcr Ihre Onlinepr\u00e4sentation jedes weitere Bild 10 Euro optional: alle Bilder in voller Aufl\u00f6sung zum Download: 320- Euro jede weitere Stunde, die ich Sie fotografisch begleite: 120,- Euro im Umkreis von 20 km ist die Anreise f\u00fcr Sie kostenfrei, jeder weitere Kilometer wird mit 0,60 \u20ac berechnet Komplettpaket &#8211; Ich begleite Sie an Ihrem sch\u00f6nsten Tag bis 18.00 Uhr und halte alle Momente rund um Ihre Hochzeit im Stil einer Fotoreportage fest &#8211; 1.500 \u20ac 50 Bilder digital zum Download (2000 px) f\u00fcr Ihre Onlinepr\u00e4sentation jedes weitere Bild 10 Euro optional: alle Bilder in voller Aufl\u00f6sung zum Download: 390,- Euro im Umkreis von 20 km ist die Anreise f\u00fcr Sie kostenfrei, jeder weitere Kilometer wird mit 0,60 \u20ac berechnet Familienshooting 140 \u20ac Dauer ca. 1 &#8211; 1,5 h 10 Bilder digital zum Download (2000 px) f\u00fcr Ihre Onlinepr\u00e4sentation jedes weitere Bild 10 Euro 0ptional: alle Bilder in voller Aufl\u00f6sung zum Download: 140,- Euro Bewerbungsshooting &#8211; 79 \u20ac Dauer ca. 1 h Ausbelichtung von 4-6 Bildern im bewerbungstauglichen Format sowie digital zum Download (2000 px) f\u00fcr Ihre Onlinepr\u00e4sentation jedes weitere Set 15 Euro optional: alle Bilder in voller Aufl\u00f6sung zum Download: 80 Euro Familienshooting 140 \u20ac Dauer ca. 1 h 10 Bilder digital zum Download (2000 px) f\u00fcr Ihre Onlinepr\u00e4sentation jedes weitere Bild 10 Euro 0ptional: alle Bilder in voller Aufl\u00f6sung zum Download: 140,- Euro<\/p>\n","protected":false},"author":1,"featured_media":0,"parent":0,"menu_order":5,"comment_status":"closed","ping_status":"open","template":"","meta":{"ngg_post_thumbnail":0,"footnotes":""},"class_list":["post-24","page","type-page","status-publish","hentry"],"acf":[],"_links":{"self":[{"href":"https:\/\/www.fotoloco.de\/index.php?rest_route=\/wp\/v2\/pages\/24","targetHints":{"allow":["GET"]}}],"collection":[{"href":"https:\/\/www.fotoloco.de\/index.php?rest_route=\/wp\/v2\/pages"}],"about":[{"href":"https:\/\/www.fotoloco.de\/index.php?rest_route=\/wp\/v2\/types\/page"}],"author":[{"embeddable":true,"href":"https:\/\/www.fotoloco.de\/index.php?rest_route=\/wp\/v2\/users\/1"}],"replies":[{"embeddable":true,"href":"https:\/\/www.fotoloco.de\/index.php?rest_route=%2Fwp%2Fv2%2Fcomments&post=24"}],"version-history":[{"count":25,"href":"https:\/\/www.fotoloco.de\/index.php?rest_route=\/wp\/v2\/pages\/24\/revisions"}],"predecessor-version":[{"id":1425,"href":"https:\/\/www.fotoloco.de\/index.php?rest_route=\/wp\/v2\/pages\/24\/revisions\/1425"}],"wp:attachment":[{"href":"https:\/\/www.fotoloco.de\/index.php?rest_route=%2Fwp%2Fv2%2Fmedia&parent=24"}],"curies":[{"name":"wp","href":"https:\/\/api.w.org\/{rel}","templated":true}]}}